{"id":259,"date":"2020-09-02T13:47:15","date_gmt":"2020-09-02T11:47:15","guid":{"rendered":"http:\/\/tallerscorominas.com\/politica-de-cookies\/"},"modified":"2020-12-07T15:54:05","modified_gmt":"2020-12-07T14:54:05","slug":"politica-de-cookies","status":"publish","type":"page","link":"https:\/\/www.tallerscorominas.com\/es\/politica-de-cookies\/","title":{"rendered":"Pol\u00edtica de cookies"},"content":{"rendered":"<div class=\"wpb-content-wrapper\"><p>[vc_row css_animation=\u00bb\u00bb row_type=\u00bbrow\u00bb use_row_as_full_screen_section=\u00bbno\u00bb type=\u00bbgrid\u00bb angled_section=\u00bbno\u00bb text_align=\u00bbleft\u00bb background_image_as_pattern=\u00bbwithout_pattern\u00bb css=\u00bb.vc_custom_1607352834211{padding-top: 40px !important;padding-bottom: 20px !important;background-color: #ffffff !important;}\u00bb z_index=\u00bb\u00bb][vc_column][vc_column_text]Este sitio web utiliza cookies propias y de terceros para ofrecerle un mejor servicio. Al navegar o utilizar nuestros servicios, acepta el uso que hacemos de las cookies. Usted puede cambiar la configuraci\u00f3n de su navegador en cualquier momento.<\/p>\n<p>El usuario tiene la opci\u00f3n de bloquear y eliminar las cookies mediante las opciones de privacidad de su navegador. En el caso de bloquear las cookies en su navegador, es posible que algunos servicios o funcionalidades del sitio web no funcionen correctamente o no est\u00e9n disponibles.<\/p>\n<h2>\u00bfQu\u00e9 son las cookies?<\/h2>\n<p>Las cookies son archivos de texto, generados por los sitios web que visita, que almacenan informaci\u00f3n en el dispositivo del usuario (ordenador, tablet, smartphone, etc &#8230;). Estos archivos guarda informaci\u00f3n sobre su visita, as\u00ed como la personalizaci\u00f3n del contenido (idioma, favoritos, etc &#8230;)<\/p>\n<h2>Tipos de cookies<\/h2>\n<p>Este sitio web utiliza tanto cookies temporales o de sesi\u00f3n como cookies permanentes. Las cookies de sesi\u00f3n almacenan datos \u00fanicamente mientras el usuario navega por el sitio web, mientras que las galletas (cookies) permanentes almacenan los datos en el dispositivo del usuario para poder acceder a ellos en posteriores sesiones.<\/p>\n<ul>\n<li>Cookies t\u00e9cnicas: Son aquellas que permiten al usuario acceder a servicios del sitio web y de personalizaci\u00f3n. Idioma, tipo de navegador.<\/li>\n<li>Cookies publicitarias. Son galletas de terceros que gestionan los espacios publicitarios del sitio web.<\/li>\n<li>Cookies de an\u00e1lisis estad\u00edstico. Son galletas de terceros que permiten hacer el seguimiento y an\u00e1lisis del comportamiento de los usuarios dentro del sitio web. Por ejemplo Google Analytics. Al navegar por este sitio web, el usuario acepta que se puedan instalar cookies en el dispositivo.<\/li>\n<li>Cookies utilizadas en el sitio web: www.agentesinmobiliariosbcn.com.<\/li>\n<\/ul>\n<h2>Administraci\u00f3n de cookies en su navegador<\/h2>\n<p>El usuario puede permitir, bloquear o eliminar las cookies instaladas en el dispositivo mediante la configuraci\u00f3n de opciones del navegador que utilice.<\/p>\n<p>Puede consultar c\u00f3mo administrar las cookies en los navegadores m\u00e1s usuales en los siguientes enlaces:<\/p>\n<ul>\n<li>Google Chrome: https:\/\/support.google.com\/chrome\/answer\/95647?hl=es<\/li>\n<li>Mozilla Firefox: https:\/\/support.mozilla.org\/es\/kb\/cookies-informacion-que-los-sitios-web-guardan-en-?esab=a&amp;s=gestion+de+cookies&amp;r=1&amp;as=s<\/li>\n<li>Internet Explorer 10 http:\/\/support.microsoft.com\/gp\/COOKies_ie\/es-es<\/li>\n<\/ul>\n<p>Los enlaces pueden variar en funci\u00f3n de la versi\u00f3n del navegador y de la limitaci\u00f3n de apoyo dado por el fabricante.[\/vc_column_text][\/vc_column][\/vc_row]<\/p>\n<\/div>","protected":false},"excerpt":{"rendered":"<p>[vc_row css_animation=\u00bb\u00bb row_type=\u00bbrow\u00bb use_row_as_full_screen_section=\u00bbno\u00bb type=\u00bbgrid\u00bb angled_section=\u00bbno\u00bb text_align=\u00bbleft\u00bb background_image_as_pattern=\u00bbwithout_pattern\u00bb css=\u00bb.vc_custom_1607352834211{padding-top: 40px !important;padding-bottom: 20px !important;background-color: #ffffff !important;}\u00bb z_index=\u00bb\u00bb][vc_column][vc_column_text]Este sitio web utiliza cookies propias y de terceros para ofrecerle un mejor servicio. Al navegar o utilizar nuestros servicios, acepta el uso que hacemos de las cookies. Usted puede&#8230;<\/p>\n","protected":false},"author":1,"featured_media":0,"parent":0,"menu_order":40,"comment_status":"closed","ping_status":"closed","template":"full_width.php","meta":{"arc_restricted_post":false,"footnotes":""},"class_list":["post-259","page","type-page","status-publish","hentry"],"yoast_head":"<!-- This site is optimized with the Yoast SEO plugin v26.9 - https:\/\/yoast.com\/product\/yoast-seo-wordpress\/ -->\n<title>Pol\u00edtica de cookies - Tallers Corominas<\/title>\n<meta name=\"robots\" content=\"index, follow, max-snippet:-1, max-image-preview:large, max-video-preview:-1\" \/>\n<link rel=\"canonical\" href=\"https:\/\/www.tallerscorominas.com\/es\/politica-de-cookies\/\" \/>\n<meta property=\"og:locale\" content=\"es_ES\" \/>\n<meta property=\"og:type\" content=\"article\" \/>\n<meta property=\"og:title\" content=\"Pol\u00edtica de cookies - Tallers Corominas\" \/>\n<meta property=\"og:description\" content=\"[vc_row css_animation=\u00bb\u00bb row_type=\u00bbrow\u00bb use_row_as_full_screen_section=\u00bbno\u00bb type=\u00bbgrid\u00bb angled_section=\u00bbno\u00bb text_align=\u00bbleft\u00bb background_image_as_pattern=\u00bbwithout_pattern\u00bb css=\u00bb.vc_custom_1607352834211{padding-top: 40px !important;padding-bottom: 20px !important;background-color: #ffffff !important;}\u00bb z_index=\u00bb\u00bb][vc_column][vc_column_text]Este sitio web utiliza cookies propias y de terceros para ofrecerle un mejor servicio. Al navegar o utilizar nuestros servicios, acepta el uso que hacemos de las cookies. Usted puede...\" \/>\n<meta property=\"og:url\" content=\"https:\/\/www.tallerscorominas.com\/es\/politica-de-cookies\/\" \/>\n<meta property=\"og:site_name\" content=\"Tallers Corominas\" \/>\n<meta property=\"article:modified_time\" content=\"2020-12-07T14:54:05+00:00\" \/>\n<meta name=\"twitter:card\" content=\"summary_large_image\" \/>\n<meta name=\"twitter:label1\" content=\"Tiempo de lectura\" \/>\n\t<meta name=\"twitter:data1\" content=\"2 minutos\" \/>\n<script type=\"application\/ld+json\" class=\"yoast-schema-graph\">{\"@context\":\"https:\/\/schema.org\",\"@graph\":[{\"@type\":\"WebPage\",\"@id\":\"https:\/\/www.tallerscorominas.com\/es\/politica-de-cookies\/\",\"url\":\"https:\/\/www.tallerscorominas.com\/es\/politica-de-cookies\/\",\"name\":\"Pol\u00edtica de cookies - Tallers Corominas\",\"isPartOf\":{\"@id\":\"https:\/\/www.tallerscorominas.com\/es\/#website\"},\"datePublished\":\"2020-09-02T11:47:15+00:00\",\"dateModified\":\"2020-12-07T14:54:05+00:00\",\"breadcrumb\":{\"@id\":\"https:\/\/www.tallerscorominas.com\/es\/politica-de-cookies\/#breadcrumb\"},\"inLanguage\":\"es\",\"potentialAction\":[{\"@type\":\"ReadAction\",\"target\":[\"https:\/\/www.tallerscorominas.com\/es\/politica-de-cookies\/\"]}]},{\"@type\":\"BreadcrumbList\",\"@id\":\"https:\/\/www.tallerscorominas.com\/es\/politica-de-cookies\/#breadcrumb\",\"itemListElement\":[{\"@type\":\"ListItem\",\"position\":1,\"name\":\"Inici\",\"item\":\"https:\/\/www.tallerscorominas.com\/es\/\"},{\"@type\":\"ListItem\",\"position\":2,\"name\":\"Pol\u00edtica de cookies\"}]},{\"@type\":\"WebSite\",\"@id\":\"https:\/\/www.tallerscorominas.com\/es\/#website\",\"url\":\"https:\/\/www.tallerscorominas.com\/es\/\",\"name\":\"Tallers Corominas\",\"description\":\"Realitzaci\u00f3 de peces mec\u00e0niques\",\"potentialAction\":[{\"@type\":\"SearchAction\",\"target\":{\"@type\":\"EntryPoint\",\"urlTemplate\":\"https:\/\/www.tallerscorominas.com\/es\/?s={search_term_string}\"},\"query-input\":{\"@type\":\"PropertyValueSpecification\",\"valueRequired\":true,\"valueName\":\"search_term_string\"}}],\"inLanguage\":\"es\"}]}<\/script>\n<!-- \/ Yoast SEO plugin. -->","yoast_head_json":{"title":"Pol\u00edtica de cookies - Tallers Corominas","robots":{"index":"index","follow":"follow","max-snippet":"max-snippet:-1","max-image-preview":"max-image-preview:large","max-video-preview":"max-video-preview:-1"},"canonical":"https:\/\/www.tallerscorominas.com\/es\/politica-de-cookies\/","og_locale":"es_ES","og_type":"article","og_title":"Pol\u00edtica de cookies - Tallers Corominas","og_description":"[vc_row css_animation=\u00bb\u00bb row_type=\u00bbrow\u00bb use_row_as_full_screen_section=\u00bbno\u00bb type=\u00bbgrid\u00bb angled_section=\u00bbno\u00bb text_align=\u00bbleft\u00bb background_image_as_pattern=\u00bbwithout_pattern\u00bb css=\u00bb.vc_custom_1607352834211{padding-top: 40px !important;padding-bottom: 20px !important;background-color: #ffffff !important;}\u00bb z_index=\u00bb\u00bb][vc_column][vc_column_text]Este sitio web utiliza cookies propias y de terceros para ofrecerle un mejor servicio. Al navegar o utilizar nuestros servicios, acepta el uso que hacemos de las cookies. Usted puede...","og_url":"https:\/\/www.tallerscorominas.com\/es\/politica-de-cookies\/","og_site_name":"Tallers Corominas","article_modified_time":"2020-12-07T14:54:05+00:00","twitter_card":"summary_large_image","twitter_misc":{"Tiempo de lectura":"2 minutos"},"schema":{"@context":"https:\/\/schema.org","@graph":[{"@type":"WebPage","@id":"https:\/\/www.tallerscorominas.com\/es\/politica-de-cookies\/","url":"https:\/\/www.tallerscorominas.com\/es\/politica-de-cookies\/","name":"Pol\u00edtica de cookies - Tallers Corominas","isPartOf":{"@id":"https:\/\/www.tallerscorominas.com\/es\/#website"},"datePublished":"2020-09-02T11:47:15+00:00","dateModified":"2020-12-07T14:54:05+00:00","breadcrumb":{"@id":"https:\/\/www.tallerscorominas.com\/es\/politica-de-cookies\/#breadcrumb"},"inLanguage":"es","potentialAction":[{"@type":"ReadAction","target":["https:\/\/www.tallerscorominas.com\/es\/politica-de-cookies\/"]}]},{"@type":"BreadcrumbList","@id":"https:\/\/www.tallerscorominas.com\/es\/politica-de-cookies\/#breadcrumb","itemListElement":[{"@type":"ListItem","position":1,"name":"Inici","item":"https:\/\/www.tallerscorominas.com\/es\/"},{"@type":"ListItem","position":2,"name":"Pol\u00edtica de cookies"}]},{"@type":"WebSite","@id":"https:\/\/www.tallerscorominas.com\/es\/#website","url":"https:\/\/www.tallerscorominas.com\/es\/","name":"Tallers Corominas","description":"Realitzaci\u00f3 de peces mec\u00e0niques","potentialAction":[{"@type":"SearchAction","target":{"@type":"EntryPoint","urlTemplate":"https:\/\/www.tallerscorominas.com\/es\/?s={search_term_string}"},"query-input":{"@type":"PropertyValueSpecification","valueRequired":true,"valueName":"search_term_string"}}],"inLanguage":"es"}]}},"_links":{"self":[{"href":"https:\/\/www.tallerscorominas.com\/es\/wp-json\/wp\/v2\/pages\/259","targetHints":{"allow":["GET"]}}],"collection":[{"href":"https:\/\/www.tallerscorominas.com\/es\/wp-json\/wp\/v2\/pages"}],"about":[{"href":"https:\/\/www.tallerscorominas.com\/es\/wp-json\/wp\/v2\/types\/page"}],"author":[{"embeddable":true,"href":"https:\/\/www.tallerscorominas.com\/es\/wp-json\/wp\/v2\/users\/1"}],"replies":[{"embeddable":true,"href":"https:\/\/www.tallerscorominas.com\/es\/wp-json\/wp\/v2\/comments?post=259"}],"version-history":[{"count":1,"href":"https:\/\/www.tallerscorominas.com\/es\/wp-json\/wp\/v2\/pages\/259\/revisions"}],"predecessor-version":[{"id":514,"href":"https:\/\/www.tallerscorominas.com\/es\/wp-json\/wp\/v2\/pages\/259\/revisions\/514"}],"wp:attachment":[{"href":"https:\/\/www.tallerscorominas.com\/es\/wp-json\/wp\/v2\/media?parent=259"}],"curies":[{"name":"wp","href":"https:\/\/api.w.org\/{rel}","templated":true}]}}